{"id":666,"date":"2025-09-03T06:58:25","date_gmt":"2025-09-03T04:58:25","guid":{"rendered":"https:\/\/tesela.io\/careers\/"},"modified":"2025-10-15T16:54:14","modified_gmt":"2025-10-15T14:54:14","slug":"careers","status":"publish","type":"page","link":"https:\/\/tesela.io\/es\/careers\/","title":{"rendered":"Careers"},"content":{"rendered":"\n<section class=\"tsl-hero-6\">\n\t<div class=\"tsl-max-1\">\n\t\t<div class=\"tsl-hero-6__content\">\n\t\t\t\t\t\t\t<h1 class=\"tsl-hero-6__title\">Carreras<\/h1>\n\t\t\t\t\t\t\t\t\t\t<h2 class=\"tsl-hero-6__subtitle\"><p>\u00danete al equipo<\/p>\n<\/h2>\n\t\t\t\t\t\t\t\t\t\t<div class=\"tsl-hero-6__desc is-style-b200\">\n\t\t\t\t\t<p>Estamos moldeando el futuro de la inteligencia geoespacial. En Tesela, creemos en la innovaci\u00f3n, la colaboraci\u00f3n y el impacto a trav\u00e9s de soluciones sostenibles. \u00bfCompartes nuestra visi\u00f3n? \u00danete a nosotros.<\/p>\n\t\t\t\t<\/div>\n\t\t\t\t\t<\/div>\n\t<\/div>\n<\/section>\n\n\n\n\n\n\n<section class=\"tsl-section-grid-6\">\n\t<div class=\"tsl-max-1\">\n\t\t<div class=\"tsl-section-grid-6__wrapper\">\n\t\t\t<div class=\"tsl-section-grid-6__list\">\n\t\t\t\t\t\t\t\t\t\t\t\t\t\t\t<div class=\"tsl-card-job\">\n\t\t\t\t\t\t\t<span class=\"tsl-card-job__ubication\">\n\t\t\t\t\t\t\t\t<svg width=\"14\" height=\"18\" viewBox=\"0 0 14 18\" fill=\"none\" xmlns=\"http:\/\/www.w3.org\/2000\/svg\">\n<path fill-rule=\"evenodd\" clip-rule=\"evenodd\" d=\"M6.3837 17.445C6.3837 17.445 0.332031 12.3484 0.332031 7.33335C0.332031 5.56524 1.03441 3.86955 2.28465 2.61931C3.5349 1.36907 5.23059 0.666687 6.9987 0.666687C8.76681 0.666687 10.4625 1.36907 11.7127 2.61931C12.963 3.86955 13.6654 5.56524 13.6654 7.33335C13.6654 12.3484 7.6137 17.445 7.6137 17.445C7.27703 17.755 6.72287 17.7517 6.3837 17.445ZM6.9987 10.25C7.38172 10.25 7.76099 10.1746 8.11486 10.028C8.46872 9.88143 8.79026 9.66659 9.06109 9.39575C9.33193 9.12491 9.54677 8.80338 9.69335 8.44951C9.83992 8.09565 9.91537 7.71638 9.91537 7.33335C9.91537 6.95033 9.83992 6.57106 9.69335 6.21719C9.54677 5.86333 9.33193 5.5418 9.06109 5.27096C8.79026 5.00012 8.46872 4.78528 8.11486 4.63871C7.76099 4.49213 7.38172 4.41669 6.9987 4.41669C6.22515 4.41669 5.48328 4.72398 4.9363 5.27096C4.38932 5.81794 4.08203 6.55981 4.08203 7.33335C4.08203 8.1069 4.38932 8.84877 4.9363 9.39575C5.48328 9.94273 6.22515 10.25 6.9987 10.25Z\" fill=\"currentColor\"\/>\n<\/svg>\n\t\t\t\t\t\t\t\t<span>Madrid, Spain<\/span>\t\t\t\t\t\t\t<\/span>\n\t\t\t\t\t\t\t<h3 class=\"tsl-card-job__title\">Business Development Manager \u2013 Tyrceo<\/h3>\t\t\t\t\t\t\t<p class=\"tsl-card-job__desc\">Full Time &#8211; Mid Level<\/p>\t\t\t\t\t\t\t\t\t\t\t\t\t\t\t<div class=\"tsl-card-job__btn\">\n\t\t\t\t\t\t\t\t\t<a href=\"#\" class=\"tsl-link\">Apply <svg width=\"16\" height=\"15\" viewBox=\"0 0 16 15\" fill=\"none\" xmlns=\"http:\/\/www.w3.org\/2000\/svg\">\n<path d=\"M1 7.38477H15M15 7.38477L9 13.3848M15 7.38477L9 1.38477\" stroke=\"currentColor\" stroke-width=\"2\" stroke-linecap=\"round\" stroke-linejoin=\"round\"\/>\n<\/svg>\n<\/a>\n\t\t\t\t\t\t\t\t<\/div>\n\t\t\t\t\t\t\t\t\t\t\t\t\t<\/div>\n\t\t\t\t\t\t\t\t\t\t\t<div class=\"tsl-card-job\">\n\t\t\t\t\t\t\t<span class=\"tsl-card-job__ubication\">\n\t\t\t\t\t\t\t\t<svg width=\"14\" height=\"18\" viewBox=\"0 0 14 18\" fill=\"none\" xmlns=\"http:\/\/www.w3.org\/2000\/svg\">\n<path fill-rule=\"evenodd\" clip-rule=\"evenodd\" d=\"M6.3837 17.445C6.3837 17.445 0.332031 12.3484 0.332031 7.33335C0.332031 5.56524 1.03441 3.86955 2.28465 2.61931C3.5349 1.36907 5.23059 0.666687 6.9987 0.666687C8.76681 0.666687 10.4625 1.36907 11.7127 2.61931C12.963 3.86955 13.6654 5.56524 13.6654 7.33335C13.6654 12.3484 7.6137 17.445 7.6137 17.445C7.27703 17.755 6.72287 17.7517 6.3837 17.445ZM6.9987 10.25C7.38172 10.25 7.76099 10.1746 8.11486 10.028C8.46872 9.88143 8.79026 9.66659 9.06109 9.39575C9.33193 9.12491 9.54677 8.80338 9.69335 8.44951C9.83992 8.09565 9.91537 7.71638 9.91537 7.33335C9.91537 6.95033 9.83992 6.57106 9.69335 6.21719C9.54677 5.86333 9.33193 5.5418 9.06109 5.27096C8.79026 5.00012 8.46872 4.78528 8.11486 4.63871C7.76099 4.49213 7.38172 4.41669 6.9987 4.41669C6.22515 4.41669 5.48328 4.72398 4.9363 5.27096C4.38932 5.81794 4.08203 6.55981 4.08203 7.33335C4.08203 8.1069 4.38932 8.84877 4.9363 9.39575C5.48328 9.94273 6.22515 10.25 6.9987 10.25Z\" fill=\"currentColor\"\/>\n<\/svg>\n\t\t\t\t\t\t\t\t<span>Madrid, Spain<\/span>\t\t\t\t\t\t\t<\/span>\n\t\t\t\t\t\t\t<h3 class=\"tsl-card-job__title\">Business Development Manager \u2013 Tyrceo<\/h3>\t\t\t\t\t\t\t<p class=\"tsl-card-job__desc\">Full Time &#8211; Mid Level<\/p>\t\t\t\t\t\t\t\t\t\t\t\t\t\t\t<div class=\"tsl-card-job__btn\">\n\t\t\t\t\t\t\t\t\t<a href=\"#\" class=\"tsl-link\">Apply <svg width=\"16\" height=\"15\" viewBox=\"0 0 16 15\" fill=\"none\" xmlns=\"http:\/\/www.w3.org\/2000\/svg\">\n<path d=\"M1 7.38477H15M15 7.38477L9 13.3848M15 7.38477L9 1.38477\" stroke=\"currentColor\" stroke-width=\"2\" stroke-linecap=\"round\" stroke-linejoin=\"round\"\/>\n<\/svg>\n<\/a>\n\t\t\t\t\t\t\t\t<\/div>\n\t\t\t\t\t\t\t\t\t\t\t\t\t<\/div>\n\t\t\t\t\t\t\t\t\t\t\t<div class=\"tsl-card-job\">\n\t\t\t\t\t\t\t<span class=\"tsl-card-job__ubication\">\n\t\t\t\t\t\t\t\t<svg width=\"14\" height=\"18\" viewBox=\"0 0 14 18\" fill=\"none\" xmlns=\"http:\/\/www.w3.org\/2000\/svg\">\n<path fill-rule=\"evenodd\" clip-rule=\"evenodd\" d=\"M6.3837 17.445C6.3837 17.445 0.332031 12.3484 0.332031 7.33335C0.332031 5.56524 1.03441 3.86955 2.28465 2.61931C3.5349 1.36907 5.23059 0.666687 6.9987 0.666687C8.76681 0.666687 10.4625 1.36907 11.7127 2.61931C12.963 3.86955 13.6654 5.56524 13.6654 7.33335C13.6654 12.3484 7.6137 17.445 7.6137 17.445C7.27703 17.755 6.72287 17.7517 6.3837 17.445ZM6.9987 10.25C7.38172 10.25 7.76099 10.1746 8.11486 10.028C8.46872 9.88143 8.79026 9.66659 9.06109 9.39575C9.33193 9.12491 9.54677 8.80338 9.69335 8.44951C9.83992 8.09565 9.91537 7.71638 9.91537 7.33335C9.91537 6.95033 9.83992 6.57106 9.69335 6.21719C9.54677 5.86333 9.33193 5.5418 9.06109 5.27096C8.79026 5.00012 8.46872 4.78528 8.11486 4.63871C7.76099 4.49213 7.38172 4.41669 6.9987 4.41669C6.22515 4.41669 5.48328 4.72398 4.9363 5.27096C4.38932 5.81794 4.08203 6.55981 4.08203 7.33335C4.08203 8.1069 4.38932 8.84877 4.9363 9.39575C5.48328 9.94273 6.22515 10.25 6.9987 10.25Z\" fill=\"currentColor\"\/>\n<\/svg>\n\t\t\t\t\t\t\t\t<span>Madrid, Spain<\/span>\t\t\t\t\t\t\t<\/span>\n\t\t\t\t\t\t\t<h3 class=\"tsl-card-job__title\">Business Development Manager \u2013 Tyrceo<\/h3>\t\t\t\t\t\t\t<p class=\"tsl-card-job__desc\">Full Time &#8211; Mid Level<\/p>\t\t\t\t\t\t\t\t\t\t\t\t\t\t\t<div class=\"tsl-card-job__btn\">\n\t\t\t\t\t\t\t\t\t<a href=\"#\" class=\"tsl-link\">Apply <svg width=\"16\" height=\"15\" viewBox=\"0 0 16 15\" fill=\"none\" xmlns=\"http:\/\/www.w3.org\/2000\/svg\">\n<path d=\"M1 7.38477H15M15 7.38477L9 13.3848M15 7.38477L9 1.38477\" stroke=\"currentColor\" stroke-width=\"2\" stroke-linecap=\"round\" stroke-linejoin=\"round\"\/>\n<\/svg>\n<\/a>\n\t\t\t\t\t\t\t\t<\/div>\n\t\t\t\t\t\t\t\t\t\t\t\t\t<\/div>\n\t\t\t\t\t\t\t\t\t\t\t\t<\/div>\n\t\t\t\t\t<\/div>\n\t<\/div>\n<\/section>\n\n\n\n\n\n\n<section class=\"tsl-contact-1 is-gradient-bg\">\n            <div class=\"tsl-contact-1__bg\">\n            <img decoding=\"async\" src=\"https:\/\/tesela.io\/wp-content\/themes\/tesela\/assets\/images\/background\/fondo-granito.png\" alt=\"contact-bg\">\n        <\/div>\n        <div class=\"tsl-max-1\">\n        <div class=\"tsl-contact-1__wrapper\">\n            <div class=\"tsl-contact-1__info\">\n                                    <h2 class=\"tsl-contact-1__title\">\u00bfQuieres enviar tu CV?<\/h2>\n                                                    <p class=\"tsl-contact-1__desc is-style-b200\">Estamos abiertos a recibir candidaturas de nuevos talentos.<\/p>\n                                            <\/div>\n            <div class=\"tsl-contact-1__form\">\n                                                        \n\t\t\t\t\t\t<script>\n\t\t\t\t\t\t\twindow.hsFormsOnReady = window.hsFormsOnReady || [];\n\t\t\t\t\t\t\twindow.hsFormsOnReady.push(()=>{\n\t\t\t\t\t\t\t\thbspt.forms.create({\n\t\t\t\t\t\t\t\t\tportalId: 47591649,\n\t\t\t\t\t\t\t\t\tformId: \"d9d4f65f-0e7f-4da9-8069-150c500d1c4b\",\n\t\t\t\t\t\t\t\t\ttarget: \"#hbspt-form-1777364656000-6720474422\",\n\t\t\t\t\t\t\t\t\tregion: \"na1\",\n\t\t\t\t\t\t\t\t\t\n\t\t\t\t\t\t\t})});\n\t\t\t\t\t\t<\/script>\n\t\t\t\t\t\t<div class=\"hbspt-form\" id=\"hbspt-form-1777364656000-6720474422\"><\/div>                                <div class=\"tsl-contact-1__form-legal\">\n                    <div class=\"tsl-accordion is-closed\">\n                        <div class=\"tsl-accordion__header\">\n                            <h4 class=\"tsl-accordion__title\">Informaci\u00f3n B\u00e1sica sobre Protecci\u00f3n de Datos <\/h4>\n                            <span class=\"tsl-accordion__icon\">\n                                <svg width=\"39\" height=\"39\" viewBox=\"0 0 39 39\" fill=\"none\" xmlns=\"http:\/\/www.w3.org\/2000\/svg\">\n<path d=\"M25.5 17.7236L19.5 23.7236L13.5 17.7236M37.5 19.7236C37.5 17.3598 37.0344 15.0192 36.1298 12.8353C35.2252 10.6515 33.8994 8.66717 32.2279 6.99571C30.5565 5.32426 28.5722 3.99838 26.3883 3.0938C24.2044 2.18921 21.8638 1.72363 19.5 1.72363C17.1362 1.72363 14.7956 2.18921 12.6117 3.0938C10.4278 3.99838 8.44353 5.32426 6.77208 6.99571C5.10062 8.66717 3.77475 10.6515 2.87017 12.8353C1.96558 15.0192 1.5 17.3598 1.5 19.7236C1.5 22.0874 1.96558 24.4281 2.87017 26.6119C3.77475 28.7958 5.10062 30.7801 6.77208 32.4516C8.44353 34.123 10.4278 35.4489 12.6117 36.3535C14.7956 37.258 17.1362 37.7236 19.5 37.7236C21.8638 37.7236 24.2044 37.258 26.3883 36.3535C28.5722 35.4489 30.5565 34.123 32.2279 32.4516C33.8994 30.7801 35.2252 28.7958 36.1298 26.6119C37.0344 24.4281 37.5 22.0874 37.5 19.7236Z\" stroke=\"currentColor\" stroke-width=\"2\" stroke-linecap=\"round\" stroke-linejoin=\"round\"\/>\n<\/svg>\n                            <\/span>\n                        <\/div>\n                        <div class=\"tsl-accordion__panel\">\n                            <div class=\"tsl-accordion__content\">\n                                                                    <p><strong>Responsable:<\/strong> Tyrceo Data Solutions, S.L.U.<\/p>\n<p><strong>Finalidad:<\/strong> gestionar la solicitud que realizas en este formulario de contacto.<\/p>\n<p><strong>Sus derechos:<\/strong> Podr\u00e1s ejercer tus derechos de acceso, rectificaci\u00f3n, limitaci\u00f3n y suprimir los datos en hello@tesela.io as\u00ed como el derecho a presentar una reclamaci\u00f3n ante una autoridad de control.<\/p>\n<p><strong>M\u00e1s informaci\u00f3n:<\/strong> En la Pol\u00edtica de Privacidad de Tyrceo Data Solutions, S.L.U. encontrar\u00e1s informaci\u00f3n adicional sobre la recopilaci\u00f3n y el uso de su informaci\u00f3n personal por parte de Tyrceo Data Solutions, S.L.U., incluida informaci\u00f3n sobre acceso, conservaci\u00f3n, rectificaci\u00f3n, eliminaci\u00f3n, seguridad y otros temas.<\/p>\n                                                            <\/div>\n                        <\/div>\n                    <\/div>\n                <\/div>\n            <\/div>\n        <\/div>\n    <\/div>\n<\/section>","protected":false},"excerpt":{"rendered":"","protected":false},"author":6,"featured_media":0,"parent":0,"menu_order":0,"comment_status":"closed","ping_status":"closed","template":"page-blocks.php","meta":{"_acf_changed":false,"_crdt_document":"","content-type":"","inline_featured_image":false,"advanced_seo_description":"","jetpack_seo_html_title":"","jetpack_seo_noindex":false,"footnotes":""},"class_list":["post-666","page","type-page","status-publish","hentry"],"acf":[],"jetpack_shortlink":"https:\/\/wp.me\/Ph3kWF-aK","_links":{"self":[{"href":"https:\/\/tesela.io\/es\/wp-json\/wp\/v2\/pages\/666","targetHints":{"allow":["GET"]}}],"collection":[{"href":"https:\/\/tesela.io\/es\/wp-json\/wp\/v2\/pages"}],"about":[{"href":"https:\/\/tesela.io\/es\/wp-json\/wp\/v2\/types\/page"}],"author":[{"embeddable":true,"href":"https:\/\/tesela.io\/es\/wp-json\/wp\/v2\/users\/6"}],"replies":[{"embeddable":true,"href":"https:\/\/tesela.io\/es\/wp-json\/wp\/v2\/comments?post=666"}],"version-history":[{"count":4,"href":"https:\/\/tesela.io\/es\/wp-json\/wp\/v2\/pages\/666\/revisions"}],"predecessor-version":[{"id":987,"href":"https:\/\/tesela.io\/es\/wp-json\/wp\/v2\/pages\/666\/revisions\/987"}],"wp:attachment":[{"href":"https:\/\/tesela.io\/es\/wp-json\/wp\/v2\/media?parent=666"}],"curies":[{"name":"wp","href":"https:\/\/api.w.org\/{rel}","templated":true}]}}